{"id":9,"date":"2017-06-12T16:37:21","date_gmt":"2017-06-12T16:37:21","guid":{"rendered":"http:\/\/reitverein.co.at\/?page_id=9"},"modified":"2024-05-31T10:37:05","modified_gmt":"2024-05-31T10:37:05","slug":"ausbildung","status":"publish","type":"page","link":"http:\/\/reitverein.co.at\/?page_id=9","title":{"rendered":"Ausbilden"},"content":{"rendered":"<h1>Ausbildung von Pferd und Reiter<\/h1>\n<p>Wir sind\u00a0bem\u00fcht ein Pferd durch umsichtiges, seinen Veranlagungen entsprechendes Training in seine Aufgaben hineinwachsen zu lassen.\u00a0 Es soll Vertrauen in sich selbst finden und gelassen neue Anforderungen anpacken.<br \/>So wird es seinem Besitzer viel Freude und Spa\u00df beim t\u00e4glichen Miteinander bereiten.<\/p>\n<p>Weiters bieten wir individuellen Unterricht abh\u00e4ngig von Ihren Anspr\u00fcchen sowohl f\u00fcr den ambitionierten Freizeitreiter als auch Turnierreiter. <br \/>Unsere Sch\u00fcler verbuchen national und international Erfolge bis zur Klasse S in der Dressur.<br \/>Springen und Vielseitigkeit geh\u00f6rt bei uns aber ebenso zur Grundausbildung.\u00a0<\/p>\n\n\n<figure class=\"wp-block-image size-large\"><img loading=\"lazy\" decoding=\"async\" width=\"1024\" height=\"1024\" src=\"http:\/\/reitverein.co.at\/wp-content\/uploads\/2023\/08\/Ausbildungsbetrieb-1-1024x1024.png\" alt=\"\" class=\"wp-image-804\" srcset=\"http:\/\/reitverein.co.at\/wp-content\/uploads\/2023\/08\/Ausbildungsbetrieb-1-1024x1024.png 1024w, http:\/\/reitverein.co.at\/wp-content\/uploads\/2023\/08\/Ausbildungsbetrieb-1-300x300.png 300w, http:\/\/reitverein.co.at\/wp-content\/uploads\/2023\/08\/Ausbildungsbetrieb-1-150x150.png 150w, http:\/\/reitverein.co.at\/wp-content\/uploads\/2023\/08\/Ausbildungsbetrieb-1-768x768.png 768w, http:\/\/reitverein.co.at\/wp-content\/uploads\/2023\/08\/Ausbildungsbetrieb-1-100x100.png 100w, http:\/\/reitverein.co.at\/wp-content\/uploads\/2023\/08\/Ausbildungsbetrieb-1-600x600.png 600w, http:\/\/reitverein.co.at\/wp-content\/uploads\/2023\/08\/Ausbildungsbetrieb-1.png 1080w\" sizes=\"auto, (max-width: 706px) 89vw, (max-width: 767px) 82vw, 740px\" \/><\/figure>\n\n\n\n<p><\/p>\n\n\n\n<figure class=\"wp-block-gallery has-nested-images columns-default is-cropped wp-block-gallery-1 is-layout-flex wp-block-gallery-is-layout-flex\">\n<figure class=\"wp-block-image size-large\"><img loading=\"lazy\" decoding=\"async\" width=\"683\" height=\"1024\" data-id=\"881\" src=\"http:\/\/reitverein.co.at\/wp-content\/uploads\/2024\/05\/DSC03422-Verbessert-RR-683x1024.jpg\" alt=\"\" class=\"wp-image-881\" srcset=\"http:\/\/reitverein.co.at\/wp-content\/uploads\/2024\/05\/DSC03422-Verbessert-RR-683x1024.jpg 683w, http:\/\/reitverein.co.at\/wp-content\/uploads\/2024\/05\/DSC03422-Verbessert-RR-200x300.jpg 200w, http:\/\/reitverein.co.at\/wp-content\/uploads\/2024\/05\/DSC03422-Verbessert-RR-768x1152.jpg 768w, http:\/\/reitverein.co.at\/wp-content\/uploads\/2024\/05\/DSC03422-Verbessert-RR-1024x1536.jpg 1024w, http:\/\/reitverein.co.at\/wp-content\/uploads\/2024\/05\/DSC03422-Verbessert-RR-1365x2048.jpg 1365w, http:\/\/reitverein.co.at\/wp-content\/uploads\/2024\/05\/DSC03422-Verbessert-RR-scaled.jpg 1707w\" sizes=\"auto, (max-width: 683px) 100vw, 683px\" \/><\/figure>\n\n\n\n<figure class=\"wp-block-image size-large\"><img loading=\"lazy\" decoding=\"async\" width=\"683\" height=\"1024\" data-id=\"878\" src=\"http:\/\/reitverein.co.at\/wp-content\/uploads\/2024\/05\/DSC04163-683x1024.jpg\" alt=\"\" class=\"wp-image-878\" srcset=\"http:\/\/reitverein.co.at\/wp-content\/uploads\/2024\/05\/DSC04163-683x1024.jpg 683w, http:\/\/reitverein.co.at\/wp-content\/uploads\/2024\/05\/DSC04163-200x300.jpg 200w, http:\/\/reitverein.co.at\/wp-content\/uploads\/2024\/05\/DSC04163-768x1152.jpg 768w, http:\/\/reitverein.co.at\/wp-content\/uploads\/2024\/05\/DSC04163-1024x1536.jpg 1024w, http:\/\/reitverein.co.at\/wp-content\/uploads\/2024\/05\/DSC04163-1365x2048.jpg 1365w, http:\/\/reitverein.co.at\/wp-content\/uploads\/2024\/05\/DSC04163-400x600.jpg 400w, http:\/\/reitverein.co.at\/wp-content\/uploads\/2024\/05\/DSC04163-scaled.jpg 1707w\" sizes=\"auto, (max-width: 683px) 100vw, 683px\" \/><\/figure>\n\n\n\n<figure class=\"wp-block-image size-large\"><img loading=\"lazy\" decoding=\"async\" width=\"683\" height=\"1024\" data-id=\"876\" src=\"http:\/\/reitverein.co.at\/wp-content\/uploads\/2024\/05\/DSC03960-Verbessert-RR-2-683x1024.jpg\" alt=\"\" class=\"wp-image-876\" srcset=\"http:\/\/reitverein.co.at\/wp-content\/uploads\/2024\/05\/DSC03960-Verbessert-RR-2-683x1024.jpg 683w, http:\/\/reitverein.co.at\/wp-content\/uploads\/2024\/05\/DSC03960-Verbessert-RR-2-200x300.jpg 200w, http:\/\/reitverein.co.at\/wp-content\/uploads\/2024\/05\/DSC03960-Verbessert-RR-2-768x1152.jpg 768w, http:\/\/reitverein.co.at\/wp-content\/uploads\/2024\/05\/DSC03960-Verbessert-RR-2-1024x1536.jpg 1024w, http:\/\/reitverein.co.at\/wp-content\/uploads\/2024\/05\/DSC03960-Verbessert-RR-2-1365x2048.jpg 1365w, http:\/\/reitverein.co.at\/wp-content\/uploads\/2024\/05\/DSC03960-Verbessert-RR-2-400x600.jpg 400w, http:\/\/reitverein.co.at\/wp-content\/uploads\/2024\/05\/DSC03960-Verbessert-RR-2-scaled.jpg 1707w\" sizes=\"auto, (max-width: 683px) 100vw, 683px\" \/><\/figure>\n\n\n\n<figure class=\"wp-block-image size-large\"><img loading=\"lazy\" decoding=\"async\" width=\"1024\" height=\"683\" data-id=\"879\" src=\"http:\/\/reitverein.co.at\/wp-content\/uploads\/2024\/05\/DSC03250-Verbessert-RR-1024x683.jpg\" alt=\"\" class=\"wp-image-879\" srcset=\"http:\/\/reitverein.co.at\/wp-content\/uploads\/2024\/05\/DSC03250-Verbessert-RR-1024x683.jpg 1024w, http:\/\/reitverein.co.at\/wp-content\/uploads\/2024\/05\/DSC03250-Verbessert-RR-300x200.jpg 300w, http:\/\/reitverein.co.at\/wp-content\/uploads\/2024\/05\/DSC03250-Verbessert-RR-768x512.jpg 768w, http:\/\/reitverein.co.at\/wp-content\/uploads\/2024\/05\/DSC03250-Verbessert-RR-1536x1024.jpg 1536w, http:\/\/reitverein.co.at\/wp-content\/uploads\/2024\/05\/DSC03250-Verbessert-RR-2048x1365.jpg 2048w, http:\/\/reitverein.co.at\/wp-content\/uploads\/2024\/05\/DSC03250-Verbessert-RR-600x400.jpg 600w\" sizes=\"auto, (max-width: 706px) 89vw, (max-width: 767px) 82vw, 740px\" \/><\/figure>\n<\/figure>\n","protected":false},"excerpt":{"rendered":"<p>Ausbildung von Pferd und Reiter Wir sind\u00a0bem\u00fcht ein Pferd durch umsichtiges, seinen Veranlagungen entsprechendes Training in seine Aufgaben hineinwachsen zu lassen.\u00a0 Es soll Vertrauen in sich selbst finden und gelassen neue Anforderungen anpacken.So wird es seinem Besitzer viel Freude und Spa\u00df beim t\u00e4glichen Miteinander bereiten. Weiters bieten wir individuellen Unterricht abh\u00e4ngig von Ihren Anspr\u00fcchen sowohl &hellip; <\/p>\n<p class=\"link-more\"><a href=\"http:\/\/reitverein.co.at\/?page_id=9\" class=\"more-link\"><span class=\"screen-reader-text\">\u201eAusbilden\u201c<\/span> weiterlesen<\/a><\/p>\n","protected":false},"author":1,"featured_media":0,"parent":0,"menu_order":3,"comment_status":"closed","ping_status":"closed","template":"","meta":{"footnotes":""},"class_list":["post-9","page","type-page","status-publish","hentry"],"_links":{"self":[{"href":"http:\/\/reitverein.co.at\/index.php?rest_route=\/wp\/v2\/pages\/9","targetHints":{"allow":["GET"]}}],"collection":[{"href":"http:\/\/reitverein.co.at\/index.php?rest_route=\/wp\/v2\/pages"}],"about":[{"href":"http:\/\/reitverein.co.at\/index.php?rest_route=\/wp\/v2\/types\/page"}],"author":[{"embeddable":true,"href":"http:\/\/reitverein.co.at\/index.php?rest_route=\/wp\/v2\/users\/1"}],"replies":[{"embeddable":true,"href":"http:\/\/reitverein.co.at\/index.php?rest_route=%2Fwp%2Fv2%2Fcomments&post=9"}],"version-history":[{"count":18,"href":"http:\/\/reitverein.co.at\/index.php?rest_route=\/wp\/v2\/pages\/9\/revisions"}],"predecessor-version":[{"id":882,"href":"http:\/\/reitverein.co.at\/index.php?rest_route=\/wp\/v2\/pages\/9\/revisions\/882"}],"wp:attachment":[{"href":"http:\/\/reitverein.co.at\/index.php?rest_route=%2Fwp%2Fv2%2Fmedia&parent=9"}],"curies":[{"name":"wp","href":"https:\/\/api.w.org\/{rel}","templated":true}]}}