{"id":499,"date":"2017-07-17T09:56:22","date_gmt":"2017-07-17T09:56:22","guid":{"rendered":"http:\/\/reitverein.co.at\/?page_id=499"},"modified":"2023-08-15T20:39:45","modified_gmt":"2023-08-15T20:39:45","slug":"seite-news","status":"publish","type":"page","link":"http:\/\/reitverein.co.at\/?page_id=499","title":{"rendered":"Schule am Bauernhof"},"content":{"rendered":"\n<p><strong>Das Leben ist ein Ponyhof!<\/strong><\/p>\n\n\n\n<p>Unsere Landwirtschaft liegt mitten im Naturschutzgebiet Wienerwald. Auf unserem Betrieb dreht sich alles um das Thema Pferd &amp; Pony. Wir leben moderne Landwirtschaft an der Grenze zur Gro\u00dfstadt und besch\u00e4ftigen uns mit der Zucht, Aufzucht und Haltung von Pferden und Ponys.<br>Wir bewirtschaften rund 100 ha Gr\u00fcnland und produzieren das komplette Heu selber..<\/p>\n\n\n\n<p>Ein wichtige Aufgabe ist f\u00fcr uns die nachhaltige Bewirtschaftung der Gr\u00fcnlandfl\u00e4chen. Gro\u00dfteils dieser sind im neuen Projekt EBW des \u00d6PUL Programmes 2023.<\/p>\n\n\n\n<p>EBW steht f\u00fcr &#8222;Ergebnisorientierte Bewirtschaftung&#8220;. Gemeinsam mit\u00a0 \u00d6kologen werden gemeinsam mit dem Betrieb konkrete Ergebnisse f\u00fcr die Biodiversit\u00e4t, die auf den Fl\u00e4chen erreicht werden sollen, vereinbart.\u00a0<br>Neugierig geworden?\u00a0<br><br>Wir bieten von Land und Bund zertifizierte Exkursions- und Unterrichtsangebote rund um die Landwirtschaft mit dem Schwerpunkt Pferdewirtschaft und Gr\u00fcndlandbewirtschaftung.<br>Fotos von Carina Grosch <br><\/p>\n\n\n\n<figure class=\"wp-block-gallery has-nested-images columns-default is-cropped wp-block-gallery-1 is-layout-flex wp-block-gallery-is-layout-flex\">\n<figure class=\"wp-block-image size-large\"><img loading=\"lazy\" decoding=\"async\" width=\"1024\" height=\"683\" data-id=\"851\" src=\"http:\/\/reitverein.co.at\/wp-content\/uploads\/2023\/08\/DSC01544-1024x683.jpg\" alt=\"\" class=\"wp-image-851\" srcset=\"http:\/\/reitverein.co.at\/wp-content\/uploads\/2023\/08\/DSC01544-1024x683.jpg 1024w, http:\/\/reitverein.co.at\/wp-content\/uploads\/2023\/08\/DSC01544-300x200.jpg 300w, http:\/\/reitverein.co.at\/wp-content\/uploads\/2023\/08\/DSC01544-768x512.jpg 768w, http:\/\/reitverein.co.at\/wp-content\/uploads\/2023\/08\/DSC01544-1536x1024.jpg 1536w, http:\/\/reitverein.co.at\/wp-content\/uploads\/2023\/08\/DSC01544-2048x1365.jpg 2048w\" sizes=\"auto, (max-width: 706px) 89vw, (max-width: 767px) 82vw, 740px\" \/><\/figure>\n\n\n\n<figure class=\"wp-block-image size-large\"><img loading=\"lazy\" decoding=\"async\" width=\"683\" height=\"1024\" data-id=\"852\" src=\"http:\/\/reitverein.co.at\/wp-content\/uploads\/2023\/08\/DSC01567-1-683x1024.jpg\" alt=\"\" class=\"wp-image-852\" srcset=\"http:\/\/reitverein.co.at\/wp-content\/uploads\/2023\/08\/DSC01567-1-683x1024.jpg 683w, http:\/\/reitverein.co.at\/wp-content\/uploads\/2023\/08\/DSC01567-1-200x300.jpg 200w, http:\/\/reitverein.co.at\/wp-content\/uploads\/2023\/08\/DSC01567-1-768x1152.jpg 768w, http:\/\/reitverein.co.at\/wp-content\/uploads\/2023\/08\/DSC01567-1-1024x1536.jpg 1024w, http:\/\/reitverein.co.at\/wp-content\/uploads\/2023\/08\/DSC01567-1-1365x2048.jpg 1365w, http:\/\/reitverein.co.at\/wp-content\/uploads\/2023\/08\/DSC01567-1-scaled.jpg 1707w\" sizes=\"auto, (max-width: 683px) 100vw, 683px\" \/><\/figure>\n\n\n\n<figure class=\"wp-block-image size-large\"><img loading=\"lazy\" decoding=\"async\" width=\"683\" height=\"1024\" data-id=\"853\" src=\"http:\/\/reitverein.co.at\/wp-content\/uploads\/2023\/08\/DSC01687-683x1024.jpg\" alt=\"\" class=\"wp-image-853\" srcset=\"http:\/\/reitverein.co.at\/wp-content\/uploads\/2023\/08\/DSC01687-683x1024.jpg 683w, http:\/\/reitverein.co.at\/wp-content\/uploads\/2023\/08\/DSC01687-200x300.jpg 200w, http:\/\/reitverein.co.at\/wp-content\/uploads\/2023\/08\/DSC01687-768x1151.jpg 768w, http:\/\/reitverein.co.at\/wp-content\/uploads\/2023\/08\/DSC01687-1025x1536.jpg 1025w, http:\/\/reitverein.co.at\/wp-content\/uploads\/2023\/08\/DSC01687-1367x2048.jpg 1367w, http:\/\/reitverein.co.at\/wp-content\/uploads\/2023\/08\/DSC01687-scaled.jpg 1709w\" sizes=\"auto, (max-width: 683px) 100vw, 683px\" \/><\/figure>\n\n\n\n<figure class=\"wp-block-image size-large\"><img loading=\"lazy\" decoding=\"async\" width=\"1024\" height=\"683\" data-id=\"854\" src=\"http:\/\/reitverein.co.at\/wp-content\/uploads\/2023\/08\/DSC01943-1-1024x683.jpg\" alt=\"\" class=\"wp-image-854\" srcset=\"http:\/\/reitverein.co.at\/wp-content\/uploads\/2023\/08\/DSC01943-1-1024x683.jpg 1024w, http:\/\/reitverein.co.at\/wp-content\/uploads\/2023\/08\/DSC01943-1-300x200.jpg 300w, http:\/\/reitverein.co.at\/wp-content\/uploads\/2023\/08\/DSC01943-1-768x512.jpg 768w, http:\/\/reitverein.co.at\/wp-content\/uploads\/2023\/08\/DSC01943-1-1536x1024.jpg 1536w, http:\/\/reitverein.co.at\/wp-content\/uploads\/2023\/08\/DSC01943-1-2048x1365.jpg 2048w\" sizes=\"auto, (max-width: 706px) 89vw, (max-width: 767px) 82vw, 740px\" \/><\/figure>\n\n\n\n<figure class=\"wp-block-image size-large\"><img loading=\"lazy\" decoding=\"async\" width=\"683\" height=\"1024\" data-id=\"855\" src=\"http:\/\/reitverein.co.at\/wp-content\/uploads\/2023\/08\/DSC01986-1-683x1024.jpg\" alt=\"\" class=\"wp-image-855\" srcset=\"http:\/\/reitverein.co.at\/wp-content\/uploads\/2023\/08\/DSC01986-1-683x1024.jpg 683w, http:\/\/reitverein.co.at\/wp-content\/uploads\/2023\/08\/DSC01986-1-200x300.jpg 200w, http:\/\/reitverein.co.at\/wp-content\/uploads\/2023\/08\/DSC01986-1-768x1152.jpg 768w, http:\/\/reitverein.co.at\/wp-content\/uploads\/2023\/08\/DSC01986-1-1024x1536.jpg 1024w, http:\/\/reitverein.co.at\/wp-content\/uploads\/2023\/08\/DSC01986-1-1365x2048.jpg 1365w, http:\/\/reitverein.co.at\/wp-content\/uploads\/2023\/08\/DSC01986-1-scaled.jpg 1707w\" sizes=\"auto, (max-width: 683px) 100vw, 683px\" \/><\/figure>\n\n\n\n<figure class=\"wp-block-image size-large\"><img loading=\"lazy\" decoding=\"async\" width=\"1024\" height=\"683\" data-id=\"856\" src=\"http:\/\/reitverein.co.at\/wp-content\/uploads\/2023\/08\/DSC01999-1024x683.jpg\" alt=\"\" class=\"wp-image-856\" srcset=\"http:\/\/reitverein.co.at\/wp-content\/uploads\/2023\/08\/DSC01999-1024x683.jpg 1024w, http:\/\/reitverein.co.at\/wp-content\/uploads\/2023\/08\/DSC01999-300x200.jpg 300w, http:\/\/reitverein.co.at\/wp-content\/uploads\/2023\/08\/DSC01999-768x512.jpg 768w, http:\/\/reitverein.co.at\/wp-content\/uploads\/2023\/08\/DSC01999-1536x1024.jpg 1536w, http:\/\/reitverein.co.at\/wp-content\/uploads\/2023\/08\/DSC01999-2048x1365.jpg 2048w\" sizes=\"auto, (max-width: 706px) 89vw, (max-width: 767px) 82vw, 740px\" \/><\/figure>\n\n\n\n<figure class=\"wp-block-image size-large\"><img loading=\"lazy\" decoding=\"async\" width=\"1024\" height=\"683\" data-id=\"857\" src=\"http:\/\/reitverein.co.at\/wp-content\/uploads\/2023\/08\/DSC02071-1-1024x683.jpg\" alt=\"\" class=\"wp-image-857\" srcset=\"http:\/\/reitverein.co.at\/wp-content\/uploads\/2023\/08\/DSC02071-1-1024x683.jpg 1024w, http:\/\/reitverein.co.at\/wp-content\/uploads\/2023\/08\/DSC02071-1-300x200.jpg 300w, http:\/\/reitverein.co.at\/wp-content\/uploads\/2023\/08\/DSC02071-1-768x512.jpg 768w, http:\/\/reitverein.co.at\/wp-content\/uploads\/2023\/08\/DSC02071-1-1536x1024.jpg 1536w, http:\/\/reitverein.co.at\/wp-content\/uploads\/2023\/08\/DSC02071-1-2048x1365.jpg 2048w\" sizes=\"auto, (max-width: 706px) 89vw, (max-width: 767px) 82vw, 740px\" \/><\/figure>\n\n\n\n<figure class=\"wp-block-image size-large\"><img loading=\"lazy\" decoding=\"async\" width=\"1024\" height=\"683\" data-id=\"858\" src=\"http:\/\/reitverein.co.at\/wp-content\/uploads\/2023\/08\/DSC02145-1024x683.jpg\" alt=\"\" class=\"wp-image-858\" srcset=\"http:\/\/reitverein.co.at\/wp-content\/uploads\/2023\/08\/DSC02145-1024x683.jpg 1024w, http:\/\/reitverein.co.at\/wp-content\/uploads\/2023\/08\/DSC02145-300x200.jpg 300w, http:\/\/reitverein.co.at\/wp-content\/uploads\/2023\/08\/DSC02145-768x512.jpg 768w, http:\/\/reitverein.co.at\/wp-content\/uploads\/2023\/08\/DSC02145-1536x1024.jpg 1536w, http:\/\/reitverein.co.at\/wp-content\/uploads\/2023\/08\/DSC02145-2048x1365.jpg 2048w\" sizes=\"auto, (max-width: 706px) 89vw, (max-width: 767px) 82vw, 740px\" \/><\/figure>\n\n\n\n<figure class=\"wp-block-image size-large\"><img loading=\"lazy\" decoding=\"async\" width=\"683\" height=\"1024\" data-id=\"859\" src=\"http:\/\/reitverein.co.at\/wp-content\/uploads\/2023\/08\/DSC02186-683x1024.jpg\" alt=\"\" class=\"wp-image-859\" srcset=\"http:\/\/reitverein.co.at\/wp-content\/uploads\/2023\/08\/DSC02186-683x1024.jpg 683w, http:\/\/reitverein.co.at\/wp-content\/uploads\/2023\/08\/DSC02186-200x300.jpg 200w, http:\/\/reitverein.co.at\/wp-content\/uploads\/2023\/08\/DSC02186-768x1152.jpg 768w, http:\/\/reitverein.co.at\/wp-content\/uploads\/2023\/08\/DSC02186-1024x1536.jpg 1024w, http:\/\/reitverein.co.at\/wp-content\/uploads\/2023\/08\/DSC02186-1366x2048.jpg 1366w, http:\/\/reitverein.co.at\/wp-content\/uploads\/2023\/08\/DSC02186-scaled.jpg 1707w\" sizes=\"auto, (max-width: 683px) 100vw, 683px\" \/><\/figure>\n\n\n\n<figure class=\"wp-block-image size-large\"><img loading=\"lazy\" decoding=\"async\" width=\"1024\" height=\"683\" data-id=\"860\" src=\"http:\/\/reitverein.co.at\/wp-content\/uploads\/2023\/08\/DSC02232-1-1024x683.jpg\" alt=\"\" class=\"wp-image-860\" srcset=\"http:\/\/reitverein.co.at\/wp-content\/uploads\/2023\/08\/DSC02232-1-1024x683.jpg 1024w, http:\/\/reitverein.co.at\/wp-content\/uploads\/2023\/08\/DSC02232-1-300x200.jpg 300w, http:\/\/reitverein.co.at\/wp-content\/uploads\/2023\/08\/DSC02232-1-768x512.jpg 768w, http:\/\/reitverein.co.at\/wp-content\/uploads\/2023\/08\/DSC02232-1-1536x1024.jpg 1536w, http:\/\/reitverein.co.at\/wp-content\/uploads\/2023\/08\/DSC02232-1-2048x1365.jpg 2048w\" sizes=\"auto, (max-width: 706px) 89vw, (max-width: 767px) 82vw, 740px\" \/><\/figure>\n\n\n\n<figure class=\"wp-block-image size-large\"><img loading=\"lazy\" decoding=\"async\" width=\"1024\" height=\"683\" data-id=\"865\" src=\"http:\/\/reitverein.co.at\/wp-content\/uploads\/2023\/08\/DSC02293-2-1024x683.jpg\" alt=\"\" class=\"wp-image-865\" srcset=\"http:\/\/reitverein.co.at\/wp-content\/uploads\/2023\/08\/DSC02293-2-1024x683.jpg 1024w, http:\/\/reitverein.co.at\/wp-content\/uploads\/2023\/08\/DSC02293-2-300x200.jpg 300w, http:\/\/reitverein.co.at\/wp-content\/uploads\/2023\/08\/DSC02293-2-768x512.jpg 768w, http:\/\/reitverein.co.at\/wp-content\/uploads\/2023\/08\/DSC02293-2-1536x1024.jpg 1536w, http:\/\/reitverein.co.at\/wp-content\/uploads\/2023\/08\/DSC02293-2-2048x1365.jpg 2048w\" sizes=\"auto, (max-width: 706px) 89vw, (max-width: 767px) 82vw, 740px\" \/><\/figure>\n\n\n\n<figure class=\"wp-block-image size-large\"><img loading=\"lazy\" decoding=\"async\" width=\"1024\" height=\"683\" data-id=\"866\" src=\"http:\/\/reitverein.co.at\/wp-content\/uploads\/2023\/08\/DSC02311-1024x683.jpg\" alt=\"\" class=\"wp-image-866\" srcset=\"http:\/\/reitverein.co.at\/wp-content\/uploads\/2023\/08\/DSC02311-1024x683.jpg 1024w, http:\/\/reitverein.co.at\/wp-content\/uploads\/2023\/08\/DSC02311-300x200.jpg 300w, http:\/\/reitverein.co.at\/wp-content\/uploads\/2023\/08\/DSC02311-768x512.jpg 768w, http:\/\/reitverein.co.at\/wp-content\/uploads\/2023\/08\/DSC02311-1536x1024.jpg 1536w, http:\/\/reitverein.co.at\/wp-content\/uploads\/2023\/08\/DSC02311-2048x1365.jpg 2048w\" sizes=\"auto, (max-width: 706px) 89vw, (max-width: 767px) 82vw, 740px\" \/><\/figure>\n\n\n\n<figure class=\"wp-block-image size-large\"><img loading=\"lazy\" decoding=\"async\" width=\"683\" height=\"1024\" data-id=\"867\" src=\"http:\/\/reitverein.co.at\/wp-content\/uploads\/2023\/08\/DSC02363-1-683x1024.jpg\" alt=\"\" class=\"wp-image-867\" srcset=\"http:\/\/reitverein.co.at\/wp-content\/uploads\/2023\/08\/DSC02363-1-683x1024.jpg 683w, http:\/\/reitverein.co.at\/wp-content\/uploads\/2023\/08\/DSC02363-1-200x300.jpg 200w, http:\/\/reitverein.co.at\/wp-content\/uploads\/2023\/08\/DSC02363-1-768x1152.jpg 768w, http:\/\/reitverein.co.at\/wp-content\/uploads\/2023\/08\/DSC02363-1-1024x1536.jpg 1024w, http:\/\/reitverein.co.at\/wp-content\/uploads\/2023\/08\/DSC02363-1-1365x2048.jpg 1365w, http:\/\/reitverein.co.at\/wp-content\/uploads\/2023\/08\/DSC02363-1-scaled.jpg 1707w\" sizes=\"auto, (max-width: 683px) 100vw, 683px\" \/><\/figure>\n\n\n\n<figure class=\"wp-block-image size-large\"><img loading=\"lazy\" decoding=\"async\" width=\"1024\" height=\"683\" data-id=\"868\" src=\"http:\/\/reitverein.co.at\/wp-content\/uploads\/2023\/08\/DSC02369-1024x683.jpg\" alt=\"\" class=\"wp-image-868\" srcset=\"http:\/\/reitverein.co.at\/wp-content\/uploads\/2023\/08\/DSC02369-1024x683.jpg 1024w, http:\/\/reitverein.co.at\/wp-content\/uploads\/2023\/08\/DSC02369-300x200.jpg 300w, http:\/\/reitverein.co.at\/wp-content\/uploads\/2023\/08\/DSC02369-768x512.jpg 768w, http:\/\/reitverein.co.at\/wp-content\/uploads\/2023\/08\/DSC02369-1536x1024.jpg 1536w, http:\/\/reitverein.co.at\/wp-content\/uploads\/2023\/08\/DSC02369-2048x1365.jpg 2048w\" sizes=\"auto, (max-width: 706px) 89vw, (max-width: 767px) 82vw, 740px\" \/><\/figure>\n\n\n\n<figure class=\"wp-block-image size-large\"><img loading=\"lazy\" decoding=\"async\" width=\"1024\" height=\"683\" data-id=\"861\" src=\"http:\/\/reitverein.co.at\/wp-content\/uploads\/2023\/08\/DSC02260-1024x683.jpg\" alt=\"\" class=\"wp-image-861\" srcset=\"http:\/\/reitverein.co.at\/wp-content\/uploads\/2023\/08\/DSC02260-1024x683.jpg 1024w, http:\/\/reitverein.co.at\/wp-content\/uploads\/2023\/08\/DSC02260-300x200.jpg 300w, http:\/\/reitverein.co.at\/wp-content\/uploads\/2023\/08\/DSC02260-768x512.jpg 768w, http:\/\/reitverein.co.at\/wp-content\/uploads\/2023\/08\/DSC02260-1536x1024.jpg 1536w, http:\/\/reitverein.co.at\/wp-content\/uploads\/2023\/08\/DSC02260-2048x1365.jpg 2048w\" sizes=\"auto, (max-width: 706px) 89vw, (max-width: 767px) 82vw, 740px\" \/><\/figure>\n\n\n\n<figure class=\"wp-block-image size-large\"><img loading=\"lazy\" decoding=\"async\" width=\"1024\" height=\"683\" data-id=\"869\" src=\"http:\/\/reitverein.co.at\/wp-content\/uploads\/2023\/08\/DSC02007-1-1024x683.jpg\" alt=\"\" class=\"wp-image-869\" srcset=\"http:\/\/reitverein.co.at\/wp-content\/uploads\/2023\/08\/DSC02007-1-1024x683.jpg 1024w, http:\/\/reitverein.co.at\/wp-content\/uploads\/2023\/08\/DSC02007-1-300x200.jpg 300w, http:\/\/reitverein.co.at\/wp-content\/uploads\/2023\/08\/DSC02007-1-768x512.jpg 768w, http:\/\/reitverein.co.at\/wp-content\/uploads\/2023\/08\/DSC02007-1-1536x1024.jpg 1536w, http:\/\/reitverein.co.at\/wp-content\/uploads\/2023\/08\/DSC02007-1-2048x1365.jpg 2048w\" sizes=\"auto, (max-width: 706px) 89vw, (max-width: 767px) 82vw, 740px\" \/><\/figure>\n\n\n\n<figure class=\"wp-block-image size-large\"><img loading=\"lazy\" decoding=\"async\" width=\"1024\" height=\"683\" data-id=\"837\" src=\"http:\/\/reitverein.co.at\/wp-content\/uploads\/2023\/08\/DSC02125-1024x683.jpg\" alt=\"\" class=\"wp-image-837\" srcset=\"http:\/\/reitverein.co.at\/wp-content\/uploads\/2023\/08\/DSC02125-1024x683.jpg 1024w, http:\/\/reitverein.co.at\/wp-content\/uploads\/2023\/08\/DSC02125-300x200.jpg 300w, http:\/\/reitverein.co.at\/wp-content\/uploads\/2023\/08\/DSC02125-768x512.jpg 768w, http:\/\/reitverein.co.at\/wp-content\/uploads\/2023\/08\/DSC02125-1536x1024.jpg 1536w, http:\/\/reitverein.co.at\/wp-content\/uploads\/2023\/08\/DSC02125-2048x1365.jpg 2048w, http:\/\/reitverein.co.at\/wp-content\/uploads\/2023\/08\/DSC02125-600x400.jpg 600w\" sizes=\"auto, (max-width: 706px) 89vw, (max-width: 767px) 82vw, 740px\" \/><\/figure>\n<\/figure>\n","protected":false},"excerpt":{"rendered":"<p>Das Leben ist ein Ponyhof! Unsere Landwirtschaft liegt mitten im Naturschutzgebiet Wienerwald. Auf unserem Betrieb dreht sich alles um das Thema Pferd &amp; Pony. Wir leben moderne Landwirtschaft an der Grenze zur Gro\u00dfstadt und besch\u00e4ftigen uns mit der Zucht, Aufzucht und Haltung von Pferden und Ponys.Wir bewirtschaften rund 100 ha Gr\u00fcnland und produzieren das komplette &hellip; <\/p>\n<p class=\"link-more\"><a href=\"http:\/\/reitverein.co.at\/?page_id=499\" class=\"more-link\"><span class=\"screen-reader-text\">\u201eSchule am Bauernhof\u201c<\/span> weiterlesen<\/a><\/p>\n","protected":false},"author":1,"featured_media":0,"parent":0,"menu_order":9,"comment_status":"closed","ping_status":"closed","template":"","meta":{"footnotes":""},"class_list":["post-499","page","type-page","status-publish","hentry"],"_links":{"self":[{"href":"http:\/\/reitverein.co.at\/index.php?rest_route=\/wp\/v2\/pages\/499","targetHints":{"allow":["GET"]}}],"collection":[{"href":"http:\/\/reitverein.co.at\/index.php?rest_route=\/wp\/v2\/pages"}],"about":[{"href":"http:\/\/reitverein.co.at\/index.php?rest_route=\/wp\/v2\/types\/page"}],"author":[{"embeddable":true,"href":"http:\/\/reitverein.co.at\/index.php?rest_route=\/wp\/v2\/users\/1"}],"replies":[{"embeddable":true,"href":"http:\/\/reitverein.co.at\/index.php?rest_route=%2Fwp%2Fv2%2Fcomments&post=499"}],"version-history":[{"count":14,"href":"http:\/\/reitverein.co.at\/index.php?rest_route=\/wp\/v2\/pages\/499\/revisions"}],"predecessor-version":[{"id":872,"href":"http:\/\/reitverein.co.at\/index.php?rest_route=\/wp\/v2\/pages\/499\/revisions\/872"}],"wp:attachment":[{"href":"http:\/\/reitverein.co.at\/index.php?rest_route=%2Fwp%2Fv2%2Fmedia&parent=499"}],"curies":[{"name":"wp","href":"https:\/\/api.w.org\/{rel}","templated":true}]}}