{"id":302,"date":"2017-07-27T05:47:51","date_gmt":"2017-07-27T05:47:51","guid":{"rendered":"http:\/\/reitverein.co.at\/?page_id=302"},"modified":"2022-03-18T10:24:42","modified_gmt":"2022-03-18T10:24:42","slug":"seite-verkaufspferde","status":"publish","type":"page","link":"http:\/\/reitverein.co.at\/?page_id=302","title":{"rendered":"Verkaufsponys"},"content":{"rendered":"<h1>Deutsche Reitponys<\/h1>\n<p>Wir verkaufen und vermitteln Ponys in jedem Alter und mit jedem Ausbildungsstand.<\/p>\n<p>Sollten Sie&nbsp; auf Ihrer Suche nach einem verl\u00e4sslichen Freitzeit- und\/oder Sport Partner nichts Passendes finden, rufen Sie einfach an. Gerne helfen wir Ihnen bei Ihrer Suche.<\/p>\n<p>Hier ein Ausschnitt unserer Ponys. Viele unserer Ponys laufen erfolgreich im Sport oder haben sich als ideale Freizeitpartner in die Herzen der Familien gestohlen.<\/p>\n<p>************************************************************************<\/p>\n<p>Folgende Ponys freuen haben schon eine neue Familie gefunden.&nbsp; Sie bereiten nun Kindern aber auch Erwachsenen viel Freude.<\/p>\n<p>Ponyreiten endet nicht mit 16 Jahren.<\/p>\n<p><strong style=\"font-size: 1rem;\">S. Zaubermaus FM&nbsp;<\/strong><\/p>\n<div class=\"wrapper\">\n<div id=\"custom-content-wrapper\">\n<div id=\"content-row\">\n<div class=\"container\">\n<div class=\"content-inner row\">\n<div id=\"component\" class=\"span8\">\n<div class=\"page-item page-item__\">\n<div class=\"item_fulltext\">\n<div class=\"wrapper\">\n<div id=\"custom-content-wrapper\">\n<div id=\"content-row\">\n<div class=\"container\">\n<div class=\"content-inner row\">\n<div id=\"component\" class=\"span8\">\n<div class=\"page-item page-item__\">\n<div class=\"item_fulltext\">\n<p><img loading=\"lazy\" decoding=\"async\" class=\"wp-image-644 size-medium alignleft\" src=\"http:\/\/reitverein.co.at\/wp-content\/uploads\/2020\/05\/Foto-25.04.20-19-26-12_zugeschnitten-261x300.jpg\" alt=\"\" width=\"261\" height=\"300\" srcset=\"http:\/\/reitverein.co.at\/wp-content\/uploads\/2020\/05\/Foto-25.04.20-19-26-12_zugeschnitten-261x300.jpg 261w, http:\/\/reitverein.co.at\/wp-content\/uploads\/2020\/05\/Foto-25.04.20-19-26-12_zugeschnitten-522x600.jpg 522w, http:\/\/reitverein.co.at\/wp-content\/uploads\/2020\/05\/Foto-25.04.20-19-26-12_zugeschnitten.jpg 650w\" sizes=\"auto, (max-width: 261px) 100vw, 261px\" \/>DR | Fuchs| Stute| 2020|&nbsp; &nbsp;cm | Preis auf Anfrage<br>v. Z\u00f6thens New Dancer II &#8211; aus der Elitestute Sonate K (Don\u00b4t Forget<\/p>\n<p><strong style=\"font-size: 1rem;\">Beschreibung<\/strong><span style=\"font-size: 1rem;\">:<br><\/span><span style=\"font-size: 1rem;\">Die&nbsp; junge Stute war unser Aprilscherz 2020.<br>Ohne Vorwarnung war sie fr\u00fchmorgens einfach da.&nbsp;<\/span><\/p>\n<\/div>\n<\/div>\n<p><img loading=\"lazy\" decoding=\"async\" class=\"alignnone size-medium wp-image-645\" src=\"http:\/\/reitverein.co.at\/wp-content\/uploads\/2020\/05\/Foto-25.04.20-19-25-27-2_-klein-300x200.jpg\" alt=\"\" width=\"300\" height=\"200\" srcset=\"http:\/\/reitverein.co.at\/wp-content\/uploads\/2020\/05\/Foto-25.04.20-19-25-27-2_-klein-300x200.jpg 300w, http:\/\/reitverein.co.at\/wp-content\/uploads\/2020\/05\/Foto-25.04.20-19-25-27-2_-klein.jpg 600w\" sizes=\"auto, (max-width: 300px) 100vw, 300px\" \/> <img loading=\"lazy\" decoding=\"async\" class=\"alignnone size-medium wp-image-646\" src=\"http:\/\/reitverein.co.at\/wp-content\/uploads\/2020\/05\/Foto-25.04.20-19-25-25_klein-300x200.jpg\" alt=\"\" width=\"300\" height=\"200\" srcset=\"http:\/\/reitverein.co.at\/wp-content\/uploads\/2020\/05\/Foto-25.04.20-19-25-25_klein-300x200.jpg 300w, http:\/\/reitverein.co.at\/wp-content\/uploads\/2020\/05\/Foto-25.04.20-19-25-25_klein.jpg 600w\" sizes=\"auto, (max-width: 300px) 100vw, 300px\" \/><\/p>\n<div style=\"text-align: center;\">************************************************************************<\/div>\n<div><strong>Don Desperado&nbsp; FM&nbsp;<\/strong><\/div>\n<div>\n<p>\u00d6R | Palomino | Hengst| *2018| 140cm | Preis auf Anfrage<br>v. Dany Gold T- Top Christobell&nbsp;<\/p>\n<p><strong style=\"font-size: 1rem;\">Beschreibung<\/strong><span style=\"font-size: 1rem;\">:<br><\/span><span style=\"font-size: 1rem;\">Der&nbsp; Palominohengst w\u00e4chst artgerecht in einer kleinen Hengstherde bei uns auf. Das Fohlen ABC hat er bereits intus. Nun lernt er alles, was ihn sp\u00e4ter einmal als Familienpony auszeichnen wird.&nbsp; Sein Pedigree verspricht auch Erfolg im Sport.&nbsp;<br><\/span> Super einfach im Handling hat er das ruhige und ausgeglichene Wesen seines Vaters geerbt.&nbsp;<br>Hier als Fohlen beim Championat 2018.<\/p>\n<h1><img loading=\"lazy\" decoding=\"async\" class=\"alignnone size-medium wp-image-595\" src=\"http:\/\/reitverein.co.at\/wp-content\/uploads\/2018\/09\/1890-1-7584_x-300x200.jpg\" alt=\"\" width=\"300\" height=\"200\" srcset=\"http:\/\/reitverein.co.at\/wp-content\/uploads\/2018\/09\/1890-1-7584_x-300x200.jpg 300w, http:\/\/reitverein.co.at\/wp-content\/uploads\/2018\/09\/1890-1-7584_x-768x512.jpg 768w, http:\/\/reitverein.co.at\/wp-content\/uploads\/2018\/09\/1890-1-7584_x-1024x683.jpg 1024w\" sizes=\"auto, (max-width: 300px) 100vw, 300px\" \/><\/h1>\n<\/div>\n<table style=\"height: 302px;\" border=\"0\" width=\"579\" cellspacing=\"0\" cellpadding=\"0\">\n<tbody>\n<tr>\n<td class=\"kalender1\" rowspan=\"4\">\n<p>Danny Gold T<\/p>\n<p><\/p>\n<\/td>\n<td class=\"kalender1\" rowspan=\"2\">&nbsp;Dornik B<\/td>\n<td class=\"kalender1\">&nbsp;Derano Gold<\/td>\n<\/tr>\n<tr>\n<td class=\"kalender1\">&nbsp;Dubary<\/td>\n<\/tr>\n<tr>\n<td class=\"kalender1\" rowspan=\"2\">&nbsp;Pamina<\/td>\n<td class=\"kalender1\">&nbsp;Power Boy<\/td>\n<\/tr>\n<tr>\n<td class=\"kalender1\">&nbsp;Golden&nbsp; Charme<\/td>\n<\/tr>\n<tr>\n<td class=\"kalender1\" rowspan=\"4\">&nbsp;Christelle<\/td>\n<td class=\"kalender1\" rowspan=\"2\">&nbsp;Top Christobell<\/td>\n<td class=\"kalender1\">&nbsp;Top Champy&nbsp;<\/td>\n<\/tr>\n<tr>\n<td class=\"kalender1\">&nbsp;Ronja&nbsp;<\/td>\n<\/tr>\n<tr>\n<td class=\"kalender1\" rowspan=\"2\">&nbsp;Zora<\/td>\n<td class=\"kalender1\">&nbsp;Top Zento<\/td>\n<\/tr>\n<tr>\n<td class=\"kalender1\">&nbsp;Gladdys<\/td>\n<\/tr>\n<\/tbody>\n<\/table>\n<div style=\"text-align: center;\">************************************************************************<\/div>\n<div><strong>Christelle FM&nbsp;<\/strong><\/div>\n<div>\n<p>DR | Fuchs| Stute| 2013| 151cm | Preis auf Anfrage<br>v. Top Christobell &#8211; Top Zento&nbsp;&nbsp;<\/p>\n<p><strong style=\"font-size: 1rem;\">Beschreibung<\/strong><span style=\"font-size: 1rem;\">:<br><\/span><span style=\"font-size: 1rem;\">Diese ausdruckstarke junge Stute wurde bei uns als Zuchtstute eingesetzt.&nbsp;<br>Nachdem wir uns nun auf eine Mutterlinie beschr\u00e4nken wollen, wird diese sensible Stute verkauft.&nbsp;<\/span><\/p>\n<p><img loading=\"lazy\" decoding=\"async\" class=\"wp-image-594 aligncenter\" src=\"http:\/\/reitverein.co.at\/wp-content\/uploads\/2018\/09\/Cristell1-300x289.jpg\" alt=\"\" width=\"316\" height=\"304\" srcset=\"http:\/\/reitverein.co.at\/wp-content\/uploads\/2018\/09\/Cristell1-300x289.jpg 300w, http:\/\/reitverein.co.at\/wp-content\/uploads\/2018\/09\/Cristell1-768x740.jpg 768w, http:\/\/reitverein.co.at\/wp-content\/uploads\/2018\/09\/Cristell1-1024x987.jpg 1024w\" sizes=\"auto, (max-width: 316px) 100vw, 316px\" \/><\/p>\n<p><img loading=\"lazy\" decoding=\"async\" class=\"wp-image-602 aligncenter\" src=\"http:\/\/reitverein.co.at\/wp-content\/uploads\/2018\/09\/Don-Desperado-FM-1-1-300x200.jpg\" alt=\"\" width=\"234\" height=\"156\" srcset=\"http:\/\/reitverein.co.at\/wp-content\/uploads\/2018\/09\/Don-Desperado-FM-1-1-300x200.jpg 300w, http:\/\/reitverein.co.at\/wp-content\/uploads\/2018\/09\/Don-Desperado-FM-1-1-768x512.jpg 768w, http:\/\/reitverein.co.at\/wp-content\/uploads\/2018\/09\/Don-Desperado-FM-1-1-1024x683.jpg 1024w\" sizes=\"auto, (max-width: 234px) 100vw, 234px\" \/><\/p>\n<\/div>\n<table style=\"height: 302px;\" border=\"0\" width=\"579\" cellspacing=\"0\" cellpadding=\"0\">\n<tbody>\n<tr>\n<td class=\"kalender1\" rowspan=\"4\">\n<p>Top Christobell<\/p>\n<p><\/p>\n<\/td>\n<td class=\"kalender1\" rowspan=\"2\">&nbsp;Top Champy<\/td>\n<td class=\"kalender1\">&nbsp;FS Champion de Luxe<\/td>\n<\/tr>\n<tr>\n<td class=\"kalender1\">&nbsp;Power Lady<\/td>\n<\/tr>\n<tr>\n<td class=\"kalender1\" rowspan=\"2\">&nbsp;Ronja&nbsp;<\/td>\n<td class=\"kalender1\">&nbsp;Rosedale Tiberius<\/td>\n<\/tr>\n<tr>\n<td class=\"kalender1\">&nbsp;Night Lady<\/td>\n<\/tr>\n<tr>\n<td class=\"kalender1\" rowspan=\"4\">&nbsp;Zora<\/td>\n<td class=\"kalender1\" rowspan=\"2\">Top Zento<\/td>\n<td class=\"kalender1\">&nbsp;Coelenhages\u00b4s Let\u00b4s Be The Best<\/td>\n<\/tr>\n<tr>\n<td class=\"kalender1\">&nbsp;Meerke\u00b4s Jolita<\/td>\n<\/tr>\n<tr>\n<td class=\"kalender1\" rowspan=\"2\">&nbsp;Gladdys<\/td>\n<td class=\"kalender1\">&nbsp;Going Top<\/td>\n<\/tr>\n<tr>\n<td class=\"kalender1\">&nbsp;Night Princess<\/td>\n<\/tr>\n<\/tbody>\n<\/table>\n<p>************************************************************************<\/p>\n<div class=\"page-item page-item__\">\n<div><strong>Abendstern&nbsp;&nbsp;<\/strong><\/div>\n<div>\n<p>H| Fuchs| Hengst| 2018| 135cm | Preis auf Anfrage<br>v. Alpenstein &#8211; Nordwest<\/p>\n<p><strong style=\"font-size: 1rem;\">Beschreibung<\/strong><span style=\"font-size: 1rem;\">:<br><\/span><span style=\"font-size: 1rem;\">Der&nbsp; entz\u00fcckende Haflinger wurde 2018 als Spielkollege zu Don Desperado gekauft und die Rasselbande verbringt ihre Kindertage auf der Alm.<br>Auch dieser Hengst&nbsp; besticht er durch seine ruhige und zug\u00e4nglich Art sowohl in der Herde als auch im Umgang mit seinen Menschen.&nbsp;<br><\/span><\/p>\n<\/div>\n<p>Sein Vater Alpenstein legte seine Leistungspr\u00fcfung mit sehr gutem Erfolg ab. Er war Gesamtreservesieger bei der Haflinger Weltausstellung 1996 und Klassensieger bei der Haflingerweltsausstellung 2005.&nbsp;<\/p>\n<p>************************************************************************<\/p>\n<\/div>\n<\/div>\n<\/div>\n<\/div>\n<\/div>\n<\/div>\n<\/div>\n<\/div>\n<\/div>\n<\/div>\n<\/div>\n<\/div>\n<\/div>\n<\/div>\n<\/div>\n<div id='gallery-1' class='gallery galleryid-302 gallery-columns-3 gallery-size-thumbnail'><figure class='gallery-item'>\n\t\t\t<div class='gallery-icon landscape'>\n\t\t\t\t<a href='http:\/\/reitverein.co.at\/?attachment_id=636'><img loading=\"lazy\" decoding=\"async\" width=\"150\" height=\"150\" src=\"http:\/\/reitverein.co.at\/wp-content\/uploads\/2019\/04\/Can-Davero-Perchtoldsdorf-4j.-1-4-150x150.jpg\" class=\"attachment-thumbnail size-thumbnail\" alt=\"\" aria-describedby=\"gallery-1-636\" srcset=\"http:\/\/reitverein.co.at\/wp-content\/uploads\/2019\/04\/Can-Davero-Perchtoldsdorf-4j.-1-4-150x150.jpg 150w, http:\/\/reitverein.co.at\/wp-content\/uploads\/2019\/04\/Can-Davero-Perchtoldsdorf-4j.-1-4-100x100.jpg 100w\" sizes=\"auto, 100vw\" \/><\/a>\n\t\t\t<\/div>\n\t\t\t\t<figcaption class='wp-caption-text gallery-caption' id='gallery-1-636'>\n\t\t\t\tCan Davero \n\t\t\t\t<\/figcaption><\/figure><figure class='gallery-item'>\n\t\t\t<div class='gallery-icon landscape'>\n\t\t\t\t<a href='http:\/\/reitverein.co.at\/?attachment_id=635'><img loading=\"lazy\" decoding=\"async\" width=\"150\" height=\"150\" src=\"http:\/\/reitverein.co.at\/wp-content\/uploads\/2019\/04\/Can-Davero-P-3-1-2-150x150.jpg\" class=\"attachment-thumbnail size-thumbnail\" alt=\"\" aria-describedby=\"gallery-1-635\" srcset=\"http:\/\/reitverein.co.at\/wp-content\/uploads\/2019\/04\/Can-Davero-P-3-1-2-150x150.jpg 150w, http:\/\/reitverein.co.at\/wp-content\/uploads\/2019\/04\/Can-Davero-P-3-1-2-100x100.jpg 100w\" sizes=\"auto, 100vw\" \/><\/a>\n\t\t\t<\/div>\n\t\t\t\t<figcaption class='wp-caption-text gallery-caption' id='gallery-1-635'>\n\t\t\t\tCan Davero\n\t\t\t\t<\/figcaption><\/figure><figure class='gallery-item'>\n\t\t\t<div class='gallery-icon landscape'>\n\t\t\t\t<a href='http:\/\/reitverein.co.at\/?attachment_id=634'><img loading=\"lazy\" decoding=\"async\" width=\"150\" height=\"150\" src=\"http:\/\/reitverein.co.at\/wp-content\/uploads\/2019\/04\/Can-Davero-Ga-150x150.jpg\" class=\"attachment-thumbnail size-thumbnail\" alt=\"\" aria-describedby=\"gallery-1-634\" srcset=\"http:\/\/reitverein.co.at\/wp-content\/uploads\/2019\/04\/Can-Davero-Ga-150x150.jpg 150w, http:\/\/reitverein.co.at\/wp-content\/uploads\/2019\/04\/Can-Davero-Ga-100x100.jpg 100w\" sizes=\"auto, 100vw\" \/><\/a>\n\t\t\t<\/div>\n\t\t\t\t<figcaption class='wp-caption-text gallery-caption' id='gallery-1-634'>\n\t\t\t\tCan Davero\n\t\t\t\t<\/figcaption><\/figure><figure class='gallery-item'>\n\t\t\t<div class='gallery-icon landscape'>\n\t\t\t\t<a href='http:\/\/reitverein.co.at\/?attachment_id=633'><img loading=\"lazy\" decoding=\"async\" width=\"150\" height=\"150\" src=\"http:\/\/reitverein.co.at\/wp-content\/uploads\/2019\/04\/Can-Davero-4j.-Perchtoldsdorf-DPA-1-150x150.jpg\" class=\"attachment-thumbnail size-thumbnail\" alt=\"\" aria-describedby=\"gallery-1-633\" srcset=\"http:\/\/reitverein.co.at\/wp-content\/uploads\/2019\/04\/Can-Davero-4j.-Perchtoldsdorf-DPA-1-150x150.jpg 150w, http:\/\/reitverein.co.at\/wp-content\/uploads\/2019\/04\/Can-Davero-4j.-Perchtoldsdorf-DPA-1-100x100.jpg 100w\" sizes=\"auto, 100vw\" \/><\/a>\n\t\t\t<\/div>\n\t\t\t\t<figcaption class='wp-caption-text gallery-caption' id='gallery-1-633'>\n\t\t\t\tCan Davero \n\t\t\t\t<\/figcaption><\/figure>\n\t\t<\/div>\n\n<div class=\"wrapper\">\n<div id=\"custom-content-wrapper\">\n<div id=\"content-row\">\n<div class=\"container\">\n<div class=\"content-inner row\">\n<div id=\"component\" class=\"span8\">\n<div class=\"page-item page-item__\">\n<div class=\"item_fulltext\">\n<div class=\"wrapper\">\n<div id=\"custom-content-wrapper\">\n<div id=\"content-row\">\n<div class=\"container\">\n<div class=\"content-inner row\">\n<div id=\"component\" class=\"span8\">\n<div class=\"page-item page-item__\">\n<div class=\"item_fulltext\">\n<div>\n<p>************************************************************************<\/p>\n<\/div>\n<\/div>\n<\/div>\n<\/div>\n<\/div>\n<\/div>\n<\/div>\n<\/div>\n<\/div>\n<p><img loading=\"lazy\" decoding=\"async\" class=\"size-medium wp-image-455 alignleft\" src=\"http:\/\/reitverein.co.at\/wp-content\/uploads\/2017\/07\/Charlie-Brown-300x167.jpg\" alt=\"\" width=\"300\" height=\"167\" srcset=\"http:\/\/reitverein.co.at\/wp-content\/uploads\/2017\/07\/Charlie-Brown-300x167.jpg 300w, http:\/\/reitverein.co.at\/wp-content\/uploads\/2017\/07\/Charlie-Brown.jpg 716w\" sizes=\"auto, (max-width: 300px) 100vw, 300px\" \/><strong>Charly Brown &nbsp;&#8211; FM&nbsp;&nbsp;<\/strong><\/p>\n<div class=\"wrapper\">\n<div id=\"custom-content-wrapper\">\n<div id=\"content-row\">\n<div class=\"container\">\n<div class=\"content-inner row\">\n<div id=\"component\" class=\"span8\">\n<div class=\"page-item page-item__\">\n<div class=\"item_fulltext\">\n<div>\n<p>DR |&nbsp;Braunfalbe&nbsp;|&nbsp;Wallach | *2008| 148cm | Preiskat. III<br>v. FS Champion de Luxe &#8211; Dressman I<\/p>\n<p>\u00a9 Foto: Scharf<\/p>\n<\/div>\n<div>\n<p><strong>Beschreibung<\/strong>:<br>Gro\u00dfrahmiger Wallach mit hervorragender Ausbildung!<br>Der langbeinige Sohn des Vererber-Stars FS Champion de Luxe konnte sich schon auf Turnierpl\u00e4tzen bis einschlie\u00dflich der Klasse L platzieren.<br>Er beherrscht das gesamte L-Programm auf den Punkt. In der t\u00e4glichen Arbeit zeigt er sich angenehm gehfreudig und leistungswillig.<br>Super lieb im Umgang und sehr menschenbezogen!<\/p>\n<\/div>\n<\/div>\n<\/div>\n<\/div>\n<\/div>\n<\/div>\n<\/div>\n<\/div>\n<\/div>\n<\/div>\n<\/div>\n<\/div>\n<\/div>\n<\/div>\n<div class=\"wrapper\">\n<div id=\"custom-content-wrapper\">\n<div id=\"content-row\">\n<div class=\"container\">\n<div class=\"content-inner row\">\n<div id=\"aside-left\" class=\"span4\">\n<aside>\n<div id=\"aside-row-1-left\">\n<div class=\"moduletable \">\n<div class=\"mod-custom mod-custom__\">&nbsp;<\/div>\n<\/div>\n<\/div>\n<\/aside>\n<\/div>\n<\/div>\n<\/div>\n<\/div>\n<\/div>\n<\/div>\n<\/div>\n<\/div>\n<\/div>\n\n\n<p><\/p>\n","protected":false},"excerpt":{"rendered":"<p>Deutsche Reitponys Wir verkaufen und vermitteln Ponys in jedem Alter und mit jedem Ausbildungsstand. Sollten Sie&nbsp; auf Ihrer Suche nach einem verl\u00e4sslichen Freitzeit- und\/oder Sport Partner nichts Passendes finden, rufen Sie einfach an. Gerne helfen wir Ihnen bei Ihrer Suche. Hier ein Ausschnitt unserer Ponys. Viele unserer Ponys laufen erfolgreich im Sport oder haben sich &hellip; <\/p>\n<p class=\"link-more\"><a href=\"http:\/\/reitverein.co.at\/?page_id=302\" class=\"more-link\"><span class=\"screen-reader-text\">\u201eVerkaufsponys\u201c<\/span> weiterlesen<\/a><\/p>\n","protected":false},"author":1,"featured_media":0,"parent":0,"menu_order":4,"comment_status":"closed","ping_status":"closed","template":"","meta":{"footnotes":""},"class_list":["post-302","page","type-page","status-publish","hentry"],"_links":{"self":[{"href":"http:\/\/reitverein.co.at\/index.php?rest_route=\/wp\/v2\/pages\/302","targetHints":{"allow":["GET"]}}],"collection":[{"href":"http:\/\/reitverein.co.at\/index.php?rest_route=\/wp\/v2\/pages"}],"about":[{"href":"http:\/\/reitverein.co.at\/index.php?rest_route=\/wp\/v2\/types\/page"}],"author":[{"embeddable":true,"href":"http:\/\/reitverein.co.at\/index.php?rest_route=\/wp\/v2\/users\/1"}],"replies":[{"embeddable":true,"href":"http:\/\/reitverein.co.at\/index.php?rest_route=%2Fwp%2Fv2%2Fcomments&post=302"}],"version-history":[{"count":30,"href":"http:\/\/reitverein.co.at\/index.php?rest_route=\/wp\/v2\/pages\/302\/revisions"}],"predecessor-version":[{"id":736,"href":"http:\/\/reitverein.co.at\/index.php?rest_route=\/wp\/v2\/pages\/302\/revisions\/736"}],"wp:attachment":[{"href":"http:\/\/reitverein.co.at\/index.php?rest_route=%2Fwp%2Fv2%2Fmedia&parent=302"}],"curies":[{"name":"wp","href":"https:\/\/api.w.org\/{rel}","templated":true}]}}