{"id":2,"date":"2016-05-10T03:48:21","date_gmt":"2016-05-10T03:48:21","guid":{"rendered":"http:\/\/reitverein.co.at\/?page_id=2"},"modified":"2018-05-25T10:34:10","modified_gmt":"2018-05-25T10:34:10","slug":"sample-page","status":"publish","type":"page","link":"http:\/\/reitverein.co.at\/?page_id=2","title":{"rendered":"Impressum Datenschutz"},"content":{"rendered":"<div id=\"layout-content\">\n<div id=\"columns\">\n<div id=\"content\" class=\"container content border-none\">\n<div id=\"content-side\" class=\"side\">\n<div id=\"content-side2\" class=\"side2\">\n<div class=\"container-content\">\n<div id=\"content-content\">\n<div id=\"content-content-inner\" class=\"container-content-inner\">\n<div id=\"widget-69c24391-4d88-b0ac-3dc5-1f62d08eed21\" class=\"widget widget-pagecontent \">\n<div class=\"widget-content\">\n<div id=\"widget-cb6d4445-78bc-ebe0-c87a-39f5daf252f8\" class=\"widget widget-text \">\n<div class=\"widget-content\">\n<p align=\"justify\"><strong style=\"font-size: 1rem;\">Kontakt:\u00a0<\/strong><\/p>\n<\/div>\n<\/div>\n<\/div>\n<\/div>\n<\/div>\n<\/div>\n<\/div>\n<\/div>\n<\/div>\n<\/div>\n<\/div>\n<\/div>\n<p>Ursula Mayer-Rabl &amp; Walter Mayer,<br \/>\nWaldgasse 10,2391 Kaltenleutgeben, Austria<br \/>\nMobil: 0043 699 817 72765<br \/>\n<span style=\"font-size: 1rem;\">UID: ATU60724808<\/span><\/p>\n<p>Handelsgericht Bezirk M\u00f6dling<br \/>\nBankverbindung : Bank Austria, BIC: BKAUATWW;<br \/>\nIBAN:\u00a0\u00a0<a id=\"fun389Portal\" class=\"ahrF1 link\" title=\"AT90 12000 00730372760\" href=\"https:\/\/online.bankaustria.at\/unico\/UnicoRedirServlet?unicoid=6&amp;ifrm_accountKey=2012-10-27-13.39.24.639206\" target=\"_parent\"><span id=\"gebForm:transactionsTableId:0:j_id163\" class=\"iceOutTxt descriptionLink\" title=\"AT90 12000 00730372760\">AT90 1200000730372760<\/span><\/a><\/p>\n<p align=\"justify\"><strong>Nutzungsbedingungen &amp; Rechtliche Hinweise:\u00a0<\/strong><\/p>\n<p><strong>1. Inhalt des Onlineangebotes\u00a0<\/strong><br \/>\nDie Familie Mayer \u00fcbernimmt keinerlei Gew\u00e4hr f\u00fcr die Aktualit\u00e4t, Korrektheit, Vollst\u00e4ndigkeit oder Qualit\u00e4t der bereitgestellten Informationen. Haftungsanspr\u00fcche gegen die Reitanlage, welche sich auf Sch\u00e4den materieller oder ideeller Art beziehen, die durch die Nutzung oder Nichtnutzung der dargebotenen Informationen bzw. durch die Nutzung fehlerhafter und unvollst\u00e4ndiger Informationen verursacht wurden, sind grunds\u00e4tzlich ausgeschlossen, sofern seitens der Reitanlage kein nachweislich vors\u00e4tzliches oder grob fahrl\u00e4ssiges Verschulden vorliegt. Alle Angebote sind freibleibend und unverbindlich. Die Reitanlage beh\u00e4lt es sich ausdr\u00fccklich vor, Teile der Seiten oder das gesamte Angebot ohne gesonderte Ank\u00fcndigung zu ver\u00e4ndern, zu erg\u00e4nzen, zu l\u00f6schen oder die Ver\u00f6ffentlichung zeitweise oder endg\u00fcltig einzustellen.<\/p>\n<p align=\"justify\"><strong>2. Verweise und Links\u00a0<\/strong><br \/>\nBei direkten oder indirekten Verweisen auf fremde Webseiten (&#8222;Hyperlinks&#8220;), die au\u00dferhalb des Verantwortungsbereiches der Reitanlage liegen, w\u00fcrde eine Haftungsverpflichtung ausschlie\u00dflich in dem Fall in Kraft treten, in dem die Reitanlage von den Inhalten Kenntnis hat und es ihr technisch m\u00f6glich und zumutbar w\u00e4re, die Nutzung im Falle rechtswidriger Inhalte zu verhindern. Die Reitanlage erkl\u00e4rt hiermit ausdr\u00fccklich, dass zum Zeitpunkt der Linksetzung keine illegalen Inhalte auf den zu verlinkenden Seiten erkennbar waren. Auf die aktuelle und zuk\u00fcnftige Gestaltung, die Inhalte oder die Urheberschaft der gelinkten\/ verkn\u00fcpften Seiten hat die Reitanlage keinerlei Einfluss. Diese Feststellung gilt f\u00fcr alle innerhalb des eigenen Internetangebotes gesetzten Links und Verweise sowie f\u00fcr Fremdeintr\u00e4ge in von der Reitanlage Reit-&amp;Zuchtstall Kaltenleutgeben eingerichteten G\u00e4steb\u00fcchern, Diskussionsforen und Mailinglisten. F\u00fcr illegale, fehlerhafte oder unvollst\u00e4ndige Inhalte und insbesondere f\u00fcr Sch\u00e4den, die aus der Nutzung oder Nichtnutzung solcherart dargebotener Informationen entstehen, haftet allein der Anbieter der Seite, auf welche verwiesen wurde, nicht derjenige, der \u00fcber Links auf die jeweilige Ver\u00f6ffentlichung lediglich verweist.<\/p>\n<p align=\"justify\"><strong>3. Urheber- und Kennzeichenrecht\u00a0<\/strong><br \/>\nDie Reitanlage ist bestrebt, in allen Publikationen die Urheberrechte der verwendeten Grafiken, Tondokumente, Videosequenzen und Texte zu beachten, von ihr selbst erstellte Grafiken, Tondokumente, Videosequenzen und Texte zu nutzen oder auf lizenzfreie Grafiken, Tondokumente, Videosequenzen und Texte zur\u00fcckzugreifen. Alle innerhalb des Internetangebotes genannten und ggf. durch Dritte gesch\u00fctzten Marken- und Warenzeichen unterliegen uneingeschr\u00e4nkt den Bestimmungen des jeweils g\u00fcltigen Kennzeichenrechts und den Besitzrechten der jeweiligen eingetragenen Eigent\u00fcmer. Allein aufgrund der blo\u00dfen Nennung ist nicht der Schluss zu ziehen, dass Markenzeichen nicht durch Rechte Dritter gesch\u00fctzt sind! Das Copyright f\u00fcr ver\u00f6ffentlichte, von der Reitanlage selbst erstellte Objekte bleibt allein beim Autor der Seiten. Eine Vervielf\u00e4ltigung oder Verwendung solcher Grafiken, Tondokumente, Videosequenzen und Texte in anderen elektronischen oder gedruckten Publikationen ist ohne ausdr\u00fcckliche Zustimmung der Reitanlage nicht gestattet.<\/p>\n<p align=\"justify\"><strong>4. Datenschutz\u00a0<\/strong><br \/>\nWir nehmen den Schutz Ihrer pers\u00f6nlichen Daten sehr ernst und halten uns strikt an die geltenden Regeln der Datenschutzgesetze. Personenbezogene Daten werden auf dieser Website nur im technisch und organisatorisch notwendigen Umfang erhoben. In keinem Fall erfolgt\u00a0eine Weitergabe Ihrer Daten an Dritte. Die nachfolgende Erkl\u00e4rung gibt Ihnen einen \u00dcberblick dar\u00fcber, wie wir den Schutz Ihrer pers\u00f6nlichen Daten gew\u00e4hrleisten und welche Art von Daten zu welchem Zweck erhoben werden.<\/p>\n<h2>Datenschutz<\/h2>\n<ul>\n<li style=\"list-style-type: none;\"><\/li>\n<\/ul>\n<p>Datenschutzerkl\u00e4rung<\/p>\n<ol>\n<li><strong> Rechtsgrundlage <\/strong><\/li>\n<\/ol>\n<p>1.1. Die EU-Datenschutz-Grundverordnung, das Datenschutzgesetz 2000 sowie das Datenschutz-Anpassungsgesetz 2018 dienen dem Recht auf Schutz personenbezogener Daten. Wir verarbeiten Ihre Daten ausschlie\u00dflich auf Grundlage der gesetzlichen Bestimmungen (DSGVO, DSG 2018, TKG 2003).<\/p>\n<ol start=\"2\">\n<li><strong> Grunds\u00e4tzliches <\/strong><\/li>\n<\/ol>\n<p>Unser Unternehmen nimmt den Schutz Ihrer Daten ernst. Der Schutz der individuellen Privatsph\u00e4re bei der Verarbeitung pers\u00f6nlicher Daten ist f\u00fcr uns ein wichtiges Anliegen, das wir bei unseren Gesch\u00e4ftsprozessen mit hoher Aufmerksamkeit ber\u00fccksichtigen.<\/p>\n<table width=\"604\">\n<tbody>\n<tr>\n<td width=\"604\">Datenschutzrechte des Kunden und Kontaktdaten<\/td>\n<\/tr>\n<\/tbody>\n<\/table>\n<p>Sie k\u00f6nnen von uns jederzeit Auskunft \u00fcber Ihre gespeicherten personenbezogenen Daten erhalten (Art. 15 DSGVO), deren Berichtigung (Art. 16 DSGVO), L\u00f6schung (Art. 17 DSGVO) oder Einschr\u00e4nkung der Verarbeitung (Art. 18 DSGVO) verlangen sowie Ihr Recht auf Daten\u00fcbertragbarkeit (Art. 20 DSGVO) geltend machen. Ferner k\u00f6nnen Sie Ihre Einwilligung jederzeit ohne Angabe von Gr\u00fcnden mit Wirkung f\u00fcr die Zukunft \u00e4ndern oder widerrufen (Art. 21 DSGVO). Grunds\u00e4tzlich verarbeiten wir keine Daten minderj\u00e4hriger Personen und sind dazu auch nicht befugt. Mit der Abgabe Ihrer Zustimmung best\u00e4tigen Sie, dass Sie das 14. Lebensjahr vollendet haben oder die Zustimmung Ihres gesetzlichen Vertreters vorliegt.<\/p>\n<p>Wir bitten um Verst\u00e4ndnis, dass Datenverarbeitungen, die vor dem Widerruf erfolgt sind, hiervon nicht betroffen sind.<br \/>\n<strong>Kontaktdaten<br \/>\n<\/strong>Gest\u00fct im Walde, Ursula Mayer-Rabl, Waldgasse 10, 2391 Kaltenleutgeben ,<br \/>\nDatenschutzmanager: Frau Ursula Mayer-Rabl<br \/>\nDatenschutzmanager Vertreter: Herr Walter Mayer:\u00a0\u00a0\u00a0\u00a0\u00a0\u00a0\u00a0\u00a0\u00a0\u00a0\u00a0 <a href=\"mailto:datenschutz@autohausmayer.at\">datenschutz@autohausmayer.at<\/a>;\u00a0 Bei R\u00fcckfragen erreichen Sie uns unter der Tel. Nr.: +43 2236 26451.<\/p>\n<p>F\u00fcr die Geltendmachung Ihrer Rechte ist jedoch eine Identit\u00e4tsfeststellung von N\u00f6ten, welche nur durch E-Mail oder einen pers\u00f6nlichen Besuch einwandfrei m\u00f6glich ist. Kontaktieren Sie bitte den Datenschutzmanager, sofern dieser nicht zur Verf\u00fcgung steht, wird Sie dessen Stellvertreter oder ein von ihm Beauftragter kontaktieren<\/p>\n<p>&nbsp;<\/p>\n<ol start=\"3\">\n<li><strong> Zweckbindung, Rechtsgrundlage, Speicherdauer <\/strong><\/li>\n<\/ol>\n<p>3.1 Datenverarbeitung zur Vertragsabwicklung<\/p>\n<p>Die Datenverarbeitung, der von Ihnen bekanntgegebenen personenbezogenen, durch uns oder einen von uns beauftragten Dienstleister (z.B.: IT Betreuer, Vertriebspartner, Druckagenturen oder \u00c4hnliche), ist <strong>zur ordnungsgem\u00e4\u00dfen Abwicklung des zugrundeliegenden Vertragsverh\u00e4ltnisses<\/strong> (z.B.: Anfage, Terminverinbarung, sowie zu \u00e4hnlichen Zwecken) erforderlich. Ihre Daten werden an einem einheitlichen Stichtag gel\u00f6scht, sobald sie f\u00fcr vorgenannten Zwecke und zur Erf\u00fcllung gesetzlicher Pflichten nicht mehr ben\u00f6tigt werden. Eine dar\u00fcberhinausgehende Verwendung Ihrer personenbezogenen Daten erfolgt nur mit Ihrer Einwilligung (<strong>freiwillig<\/strong>,).<\/p>\n<table width=\"604\">\n<tbody>\n<tr>\n<td width=\"604\">3.2 \u00a0Datenverarbeitung zur Erf\u00fcllung gesetzlicher Pflichten<\/td>\n<\/tr>\n<\/tbody>\n<\/table>\n<p>Die Datenverarbeitung, der von Ihnen bekanntgegebenen personenbezogenen, durch uns oder einem von\u00a0 uns beauftragten Dienstleister (z.B.: Steuerberater, Vertriebspartner, Druckagenturen oder \u00c4hnliche), ist zur ordnungsgem\u00e4\u00dfen Erf\u00fcllung von <strong>gesetzlichen Pflichten<\/strong> (Z.B.: zur Einhaltung von Vorhaltefristen gegen\u00fcber dem Finanzamt, Ausk\u00fcnfte gegen\u00fcber<\/p>\n<p>Beh\u00f6rden und Gerichten sowie zu \u00e4hnlichen Zwecken) erforderlich. Ihre Daten werden an einem einheitlichen Stichtag gel\u00f6scht, sobald sie f\u00fcr vorgenannten Zwecke nicht mehr ben\u00f6tigt werden. Eine dar\u00fcberhinausgehende Verwendung Ihrer personenbezogenen Daten erfolgt nur mit Ihrer Einwilligung.<\/p>\n<table width=\"604\">\n<tbody>\n<tr>\n<td width=\"604\">3.3 Datenverarbeitung f\u00fcr berechtigte Interessen<\/td>\n<\/tr>\n<\/tbody>\n<\/table>\n<p>Die Datenverarbeitung, der von Ihnen bekanntgegebenen personenbezogenen Daten, durch uns oder ein von uns beauftragter Dienstleister (z.B.: Steuerberater, Vertriebspartner, Importeur, Druckagenturen oder \u00c4hnliche), ist weiters im Rahmen von berechtigten Interessen gesetzlich gedeckt. Berechtigte Interessen sind vor allem daf\u00fcr bestimmt, das t\u00e4gliche Gesch\u00e4ft aufrecht zu erhalten sowie unsere Leistungen zur vollen Kundenzufriedenheit zu erf\u00fcllen. Man unterscheidet zwischen berechtigten Interessen von Kunden und jenen des Unternehmens. Als berechtigtes Interesse von Kunden und des Unternehmens ist im Besonderen die weitere Kundenverwaltung nach Vertragserf\u00fcllung, zur Aufrechterhaltung und Verbesserung der internen Prozesse, sowie Informationsschreiben zu erg\u00e4nzenden Leistungen bereits erworbener Produkte und Dienstleistungen zu nennen. Gegen die berechtigten Interessen kann immer widerrufen werden.<\/p>\n<p>Im Rahmen der Betreibung unserer Websites beauftragen wir Auftragsverarbeiter .zB: Softwaredienst-leister und Agenturen, die im Zuge ihrer T\u00e4tigkeiten Zugriff auf Ihre personenbezogenen Daten erlangen k\u00f6nnen, sofern diese die Daten zur Erf\u00fcllung ihrer jeweiligen Leistung ben\u00f6tigen. Diese haben sich zur Einhaltung der geltenden datenschutzrechtlichen Bestimmungen uns gegen\u00fcber verpflichtet. Es wurden Auftragsverarbeitungsvertr\u00e4ge gem\u00e4\u00df Art 28 DSGVO abgeschlossen. N\u00e4here Informationen zu den von uns beauftragten Auftragsverarbeitern k\u00f6nnen Sie unter datenschutz@autohausmayer.at anfragen.<\/p>\n<ol start=\"4\">\n<li><strong> Kontaktformular <\/strong><\/li>\n<\/ol>\n<p>Ihre Angaben inklusive pers\u00f6nlicher Daten aus unserem Kontaktformular werden zur Bearbeitung Ihrer Anfrage an uns \u00fcbermittelt, weiterverarbeitet und gespeichert. Diese Daten werden ohne Ihre Einverst\u00e4ndniserkl\u00e4rung nicht erhoben oder weitergegeben. Ohne diese Daten k\u00f6nnen wir Ihre Anfragen nicht bearbeiten.<\/p>\n<p>4.2. Die Datenverarbeitung erfolgt auf Basis der gesetzlichen Bestimmungen des \u00a7 96 Abs 3 TKG sowie des Art 6 Abs 1 lit a (Einwilligung) DSGVO.<\/p>\n<ol start=\"5\">\n<li><strong> Newsletter<\/strong><\/li>\n<\/ol>\n<p>5.1. Sie k\u00f6nnen sich auf der Website f\u00fcr unseren Newsletter anmelden. Sie erhalten nach der Anmeldung eine E-Mail, in der Sie um die Best\u00e4tigung Ihrer Anmeldung ersucht werden. Ohne die Bekanntgabe dieser Daten ist die \u00dcbermittlung unseres Newsletters nicht m\u00f6glich. Sie k\u00f6nnen sich vom Newsletter abmelden, indem Sie den Abmelde-Link am Ende jedes Newsletters bet\u00e4tigen.<br \/>\n5.2. F\u00fcr den Versand unseres Newsletters beauftragen wir Auftragsverarbeiter. Diese haben sich zur Einhaltung der geltenden datenschutzrechtlichen Bestimmungen uns gegen\u00fcber verpflichtet. Es wurde ein Auftragsverarbeitungsvertrag gem\u00e4\u00df Art 28 DSGVO abgeschlossen. N\u00e4here Informationen zu den von uns beauftragten Auftragsverarbeitern k\u00f6nnen Sie unter mayer-rabl@autohausmayer.at anfragen.<br \/>\n5.3. Die Datenverarbeitung erfolgt auf Basis der gesetzlichen Bestimmungen des \u00a7 96 Abs 3 TKG sowie des Art 6 Abs 1 lit a (Einwilligung) DSGVO.<\/p>\n<h4><strong>6 Cookies<\/strong><\/h4>\n<p>Unsere Website verwendet so genannte Cookies. Dabei handelt es sich um kleine Textdateien, die mit Hilfe des Browsers auf Ihrem Endger\u00e4t abgelegt werden. Sie richten keinen Schaden an.<\/p>\n<p>Wir nutzen Cookies dazu, unser Angebot nutzerfreundlich zu gestalten. Einige Cookies bleiben auf Ihrem Endger\u00e4t gespeichert, bis Sie diese l\u00f6schen. Sie erm\u00f6glichen es uns, Ihren Browser beim n\u00e4chsten Besuch wiederzuerkennen.<\/p>\n<p>Wenn Sie dies nicht w\u00fcnschen, so k\u00f6nnen Sie Ihren Browser so einrichten, dass er Sie \u00fcber das Setzen von Cookies informiert und Sie dies nur im Einzelfall erlauben.<\/p>\n<p>Bei der Deaktivierung von Cookies kann die Funktionalit\u00e4t unserer Website eingeschr\u00e4nkt sein.<\/p>\n<p><strong>7 Web-Analyse<\/strong><\/p>\n<p>Unsere Website verwendet Funktionen des Webanalysedienstes Google Analytics. Google LLC, 1600 Amphitheatre Parkway, Mountain View. CA 94943. Dazu werden Cookies verwendet, die eine Analyse der Benutzung der Website durch Ihre Benutzer erm\u00f6glicht. Die dadurch erzeugten Informationen werden auf den Server des Anbieters \u00fcbertragen und dort gespeichert.<\/p>\n<p>Sie k\u00f6nnen dies verhindern, indem Sie Ihren Browser so einrichten, dass keine Cookies gespeichert werden.<\/p>\n<p>F\u00fcr unseren Webauftritt wurde ein entsprechender Vertrag zur Auftragsdatenverarbeitung abgeschlossen. Die Beziehung zu Google basiert auf dem Privacy Shield Abkommen zwischen der EU und den USA.<\/p>\n<p>Die Datenverarbeitung erfolgt auf Basis der gesetzlichen Bestimmungen des \u00a7 96 Abs 3 TKG sowie des Art 6 Abs 1 (berechtigtes Interesse) der DSGVO.<\/p>\n<p>Unser Anliegen im Sinne der DSGVO (berechtigtes Interesse) ist die Verbesserung unseres Angebotes und unseres Webauftritts. Da uns die Privatsph\u00e4re unserer Nutzer wichtig ist, werden die Nutzerdaten pseudonymisiert.<\/p>\n<p>Ihre IP-Adresse wird erfasst, aber umgehend (z.B. durch L\u00f6schung der letzten 8 Bit) pseudonymisiert. Dadurch ist nur mehr eine grobe Lokalisierung m\u00f6glich<\/p>\n<p><strong>8 \u00a0Datensicherheit <\/strong><\/p>\n<p>Wir setzen technische und organisatorische Sicherheitsma\u00dfnahmen ein, um die gespeicherten personenbezogenen Daten gegen zuf\u00e4llige oder vors\u00e4tzliche Manipulation, Verlust oder Zerst\u00f6rung und gegen den Zugriff unberechtigter Personen zu sch\u00fctzen. Unsere Sicherheitsma\u00dfnahmen werden entsprechend des technischen Fortschritts fortlaufend verbessert.<\/p>\n<p><strong>KONTAKT:<br \/>\nDatenschutzmanager: Frau Ursula Mayer-Rabl Datenschutzmanager Vertreter: Herr Walter Mayer Mail: <\/strong><a href=\"mailto:datenschutz@autohausmayer.at\"><strong>datenschutz@autohausmayer.at<\/strong><\/a><strong>;\u00a0 Bei R\u00fcckfragen erreichen Sie uns unter der Tel. Nr.: +43 2236 26451.<\/strong><\/p>\n<p>F\u00fcr die Geltendmachung Ihrer Rechte ist jedoch eine Identit\u00e4tsfeststellung von N\u00f6ten, welche nur durch E-Mail oder einen pers\u00f6nlichen Besuch einwandfrei m\u00f6glich ist. Kontaktieren Sie bitte den Datenschutzmanager, sofern dieser nicht zur Verf\u00fcgung steht, wird Sie dessen Stellvertreter oder ein von ihm Beauftragter kontaktieren<\/p>\n<p align=\"justify\"><strong>5. Rechtswirksamkeit dieses Haftungsausschlusses\u00a0<\/strong><br \/>\nDieser Haftungsausschluss ist als Teil des Internetangebotes zu betrachten, von dem aus auf diese Seite verwiesen wurde. Sofern Teile oder einzelne Formulierungen dieses Textes der geltenden Rechtslage nicht, nicht mehr oder nicht vollst\u00e4ndig entsprechen.<\/p>\n<p align=\"justify\">\u00a0\u00a9 2017 Alle Rechte vorbehalten.<\/p>\n","protected":false},"excerpt":{"rendered":"<p>Kontakt:\u00a0 Ursula Mayer-Rabl &amp; Walter Mayer, Waldgasse 10,2391 Kaltenleutgeben, Austria Mobil: 0043 699 817 72765 UID: ATU60724808 Handelsgericht Bezirk M\u00f6dling Bankverbindung : Bank Austria, BIC: BKAUATWW; IBAN:\u00a0\u00a0AT90 1200000730372760 Nutzungsbedingungen &amp; Rechtliche Hinweise:\u00a0 1. Inhalt des Onlineangebotes\u00a0 Die Familie Mayer \u00fcbernimmt keinerlei Gew\u00e4hr f\u00fcr die Aktualit\u00e4t, Korrektheit, Vollst\u00e4ndigkeit oder Qualit\u00e4t der bereitgestellten Informationen. Haftungsanspr\u00fcche gegen die &hellip; <\/p>\n<p class=\"link-more\"><a href=\"http:\/\/reitverein.co.at\/?page_id=2\" class=\"more-link\"><span class=\"screen-reader-text\">\u201eImpressum Datenschutz\u201c<\/span> weiterlesen<\/a><\/p>\n","protected":false},"author":1,"featured_media":0,"parent":0,"menu_order":13,"comment_status":"closed","ping_status":"open","template":"","meta":{"footnotes":""},"class_list":["post-2","page","type-page","status-publish","hentry"],"_links":{"self":[{"href":"http:\/\/reitverein.co.at\/index.php?rest_route=\/wp\/v2\/pages\/2","targetHints":{"allow":["GET"]}}],"collection":[{"href":"http:\/\/reitverein.co.at\/index.php?rest_route=\/wp\/v2\/pages"}],"about":[{"href":"http:\/\/reitverein.co.at\/index.php?rest_route=\/wp\/v2\/types\/page"}],"author":[{"embeddable":true,"href":"http:\/\/reitverein.co.at\/index.php?rest_route=\/wp\/v2\/users\/1"}],"replies":[{"embeddable":true,"href":"http:\/\/reitverein.co.at\/index.php?rest_route=%2Fwp%2Fv2%2Fcomments&post=2"}],"version-history":[{"count":14,"href":"http:\/\/reitverein.co.at\/index.php?rest_route=\/wp\/v2\/pages\/2\/revisions"}],"predecessor-version":[{"id":582,"href":"http:\/\/reitverein.co.at\/index.php?rest_route=\/wp\/v2\/pages\/2\/revisions\/582"}],"wp:attachment":[{"href":"http:\/\/reitverein.co.at\/index.php?rest_route=%2Fwp%2Fv2%2Fmedia&parent=2"}],"curies":[{"name":"wp","href":"https:\/\/api.w.org\/{rel}","templated":true}]}}